{"id":729,"date":"2025-02-23T17:59:55","date_gmt":"2025-02-23T20:59:55","guid":{"rendered":"https:\/\/galileujau.com.br\/online\/?page_id=729"},"modified":"2025-02-23T18:47:17","modified_gmt":"2025-02-23T21:47:17","slug":"um-pouco-de-historia-do-ballet","status":"publish","type":"page","link":"https:\/\/galileujau.com.br\/online\/um-pouco-de-historia-do-ballet\/","title":{"rendered":"Um pouco de hist\u00f3ria do Ballet"},"content":{"rendered":"\t\t<div data-elementor-type=\"wp-page\" data-elementor-id=\"729\" class=\"elementor elementor-729\">\n\t\t\t\t\t\t<section class=\"elementor-section elementor-top-section elementor-element elementor-element-257ce618 elementor-section-boxed elementor-section-height-default elementor-section-height-default\" data-id=\"257ce618\" data-element_type=\"section\">\n\t\t\t\t\t\t<div class=\"elementor-container elementor-column-gap-default\">\n\t\t\t\t\t<div class=\"elementor-column elementor-col-100 elementor-top-column elementor-element elementor-element-36b48604\" data-id=\"36b48604\" data-element_type=\"column\">\n\t\t\t<div class=\"elementor-widget-wrap elementor-element-populated\">\n\t\t\t\t\t\t<div class=\"elementor-element elementor-element-7f3a59c elementor-widget elementor-widget-text-editor\" data-id=\"7f3a59c\" data-element_type=\"widget\" data-widget_type=\"text-editor.default\">\n\t\t\t\t<div class=\"elementor-widget-container\">\n\t\t\t\t\t\t\t\t\t<h4><img fetchpriority=\"high\" decoding=\"async\" class=\"alignleft wp-image-730 size-large\" src=\"http:\/\/galileujau.com.br\/online\/wp-content\/uploads\/2025\/02\/ballet-346x409.png\" alt=\"\" width=\"346\" height=\"409\" srcset=\"https:\/\/galileujau.com.br\/online\/wp-content\/uploads\/2025\/02\/ballet.png 346w, https:\/\/galileujau.com.br\/online\/wp-content\/uploads\/2025\/02\/ballet-254x300.png 254w\" sizes=\"(max-width: 346px) 100vw, 346px\" \/>Que atire a primeira pedra aquela menina que nunca quis ser bailarina quando crian\u00e7a. O ballet, essa dan\u00e7a antiga, ao mesmo tempo delicada e forte, existe desde o s\u00e9culo 16. Vamos conhecer um pouco mais dessa hist\u00f3ria. O ballet cl\u00e1ssico surgiu nas cortes italianas no s\u00e9culo 16. O termo italiano balletto, que significa \u201cdancinha, bailinho\u201d deu origem a palavra francesa ballet. A dan\u00e7a surgiu durante o per\u00edodo renascentista, era apresentado em festas aristocr\u00e1ticas para entretenimento da nobreza. O primeiro espet\u00e1culo de ballet da hist\u00f3ria aconteceu em 1581, ele durava mais de cinco horas e era bem diferente do que conhecemos hoje: havia falas, poesia, canto e uma orquestra musical.<\/h4><h4>Passou a ganhar maior destaque no s\u00e9culo 17 durante o reinado de Lu\u00eds XIV. O rei era apaixonado pela dan\u00e7a, ele tamb\u00e9m era bailarino. O rei participou de um espet\u00e1culo chamado \u201cO Ballet Noturno da Realeza\u201d onde\u00a0 fez o papel de luz fertilizando a terra, assim ganhou o apelido de Rei Sol.<\/h4><h4>O ballet foi se aperfei\u00e7oando, ficando cada vez com menos falas e mais dan\u00e7as. As apresenta\u00e7\u00f5es passaram a sair dos pal\u00e1cios e ir para os teatros. N\u00e3o somente a aristocracia tinha acesso a ele, mas os ricos em geral passaram a ter. Assim come\u00e7ou a surgir o teatro profissional. O rei Lu\u00eds, em 1661 instalou a primeira escola de dan\u00e7a do mundo: Acad\u00e9mie Royale de Danse. Ela ficava em uma das salas do Museu do Louvre. Em 1669 \u00e9 fundada a Acad\u00e9mie Royale de Musique, e Jean-Baptist Lully, o bailarino predileto do rei e que comp\u00f4s diversos ballets para ele, foi nomeado diretor da escola.<\/h4><h4>Lully criou uma academia de dan\u00e7a dentro da pr\u00f3pria academia de m\u00fasica: o Ballet da \u00d3pera de Paris, a mais antiga companhia profissional de dan\u00e7a do mundo. Ela existe at\u00e9 hoje.<\/h4><h4>Ballet no s\u00e9culo XIX<\/h4><h4>A partir do s\u00e9culo 19 o ballet passou a ter os moldes que conhecemos hoje. Nessa \u00e9poca as mulheres passaram a ter maior destaque e a dan\u00e7a \u201cna ponta dos dedos\u201d come\u00e7ou a ser explorada. Com o aperfei\u00e7oamento da dan\u00e7a na sapatilha de pontas, as mulheres bailarinas ficaram mais populares que os bailarinos homens. Em 1841 foi apresentado o famoso ballet \u201cGiselle\u201d, que \u00e9 reproduzido at\u00e9 os dias atuais. Em 1877 \u00e9 criado o ballet La Bayad\u00e9re com a primeira vers\u00e3o do Lago dos Cisnes, de Tchaikovsky.<\/h4><h4>Ballet nos dias atuais<\/h4><h4>O ballet \u00e9 uma dan\u00e7a influente a n\u00edvel mundial. \u00c9 um g\u00eanero de dan\u00e7a muito dif\u00edcil de dominar e requer muita pr\u00e1tica e ensaios \u00e1rduos. Atualmente existem outras modalidades dessa dan\u00e7a. Al\u00e9m do cl\u00e1ssico: neocl\u00e1ssico, contempor\u00e2neo, bal\u00e9 expressionista e no Brasil surgiu at\u00e9 mesmo o Bal\u00e9 Fitness.<\/h4><h4>Atualmente vem se tentando quebrar o tabu de ballet \u00e9 coisa de menina, como se v\u00ea a dan\u00e7a surgiu atrav\u00e9s dos homens. As escolas oferecem turmas desde baby-class, para crian\u00e7as pequenas, at\u00e9 turmas de ballet adulto. Ou seja, para dan\u00e7ar basta querer. Ainda d\u00e1 tempo de correr atr\u00e1s daquele seu sonho de inf\u00e2ncia!<\/h4><h4>Voc\u00ea conhecia essa hist\u00f3ria? Tem vontade de fazer ballet?<\/h4><div>\u00a0<\/div>\t\t\t\t\t\t\t\t<\/div>\n\t\t\t\t<\/div>\n\t\t\t\t\t<\/div>\n\t\t<\/div>\n\t\t\t\t\t<\/div>\n\t\t<\/section>\n\t\t\t\t<section class=\"elementor-section elementor-top-section elementor-element elementor-element-9f81b66 elementor-section-boxed elementor-section-height-default elementor-section-height-default\" data-id=\"9f81b66\" data-element_type=\"section\">\n\t\t\t\t\t\t<div class=\"elementor-container elementor-column-gap-default\">\n\t\t\t\t\t<div class=\"elementor-column elementor-col-100 elementor-top-column elementor-element elementor-element-c6409f5\" data-id=\"c6409f5\" data-element_type=\"column\">\n\t\t\t<div class=\"elementor-widget-wrap elementor-element-populated\">\n\t\t\t\t\t\t<div class=\"elementor-element elementor-element-1452a05 elementor-button-danger elementor-align-center elementor-widget elementor-widget-button\" data-id=\"1452a05\" data-element_type=\"widget\" data-widget_type=\"button.default\">\n\t\t\t\t<div class=\"elementor-widget-container\">\n\t\t\t\t\t\t\t\t\t<div class=\"elementor-button-wrapper\">\n\t\t\t\t\t<a class=\"elementor-button elementor-button-link elementor-size-sm\" href=\"https:\/\/galileujau.com.br\/online\/contatos\/\">\n\t\t\t\t\t\t<span class=\"elementor-button-content-wrapper\">\n\t\t\t\t\t\t\t\t\t<span class=\"elementor-button-text\">Quer saber mais? Deixe seu e-mail e faremos contato!<\/span>\n\t\t\t\t\t<\/span>\n\t\t\t\t\t<\/a>\n\t\t\t\t<\/div>\n\t\t\t\t\t\t\t\t<\/div>\n\t\t\t\t<\/div>\n\t\t\t\t\t<\/div>\n\t\t<\/div>\n\t\t\t\t\t<\/div>\n\t\t<\/section>\n\t\t\t\t<section class=\"elementor-section elementor-top-section elementor-element elementor-element-ae6f153 elementor-section-boxed elementor-section-height-default elementor-section-height-default\" data-id=\"ae6f153\" data-element_type=\"section\">\n\t\t\t\t\t\t<div class=\"elementor-container elementor-column-gap-default\">\n\t\t\t\t\t<div class=\"elementor-column elementor-col-100 elementor-top-column elementor-element elementor-element-b8aedda\" data-id=\"b8aedda\" data-element_type=\"column\">\n\t\t\t<div class=\"elementor-widget-wrap elementor-element-populated\">\n\t\t\t\t\t\t<div class=\"elementor-element elementor-element-d126762 elementor-arrows-position-inside elementor-widget elementor-widget-image-carousel\" data-id=\"d126762\" data-element_type=\"widget\" data-settings=\"{&quot;navigation&quot;:&quot;arrows&quot;,&quot;autoplay&quot;:&quot;yes&quot;,&quot;pause_on_hover&quot;:&quot;yes&quot;,&quot;pause_on_interaction&quot;:&quot;yes&quot;,&quot;autoplay_speed&quot;:5000,&quot;infinite&quot;:&quot;yes&quot;,&quot;speed&quot;:500}\" data-widget_type=\"image-carousel.default\">\n\t\t\t\t<div class=\"elementor-widget-container\">\n\t\t\t\t\t\t\t<div class=\"elementor-image-carousel-wrapper swiper\" role=\"region\" aria-roledescription=\"carousel\" aria-label=\"dancando ballet\" dir=\"ltr\">\n\t\t\t<div class=\"elementor-image-carousel swiper-wrapper\" aria-live=\"off\">\n\t\t\t\t\t\t\t\t<div class=\"swiper-slide\" role=\"group\" aria-roledescription=\"slide\" aria-label=\"1 de 7\"><figure class=\"swiper-slide-inner\"><img decoding=\"async\" class=\"swiper-slide-image\" src=\"https:\/\/galileujau.com.br\/online\/wp-content\/uploads\/2025\/02\/ballet001-630x420.png\" alt=\"ballet001\" \/><\/figure><\/div><div class=\"swiper-slide\" role=\"group\" aria-roledescription=\"slide\" aria-label=\"2 de 7\"><figure class=\"swiper-slide-inner\"><img decoding=\"async\" class=\"swiper-slide-image\" src=\"https:\/\/galileujau.com.br\/online\/wp-content\/uploads\/2025\/02\/ballet002-630x420.png\" alt=\"ballet002\" \/><\/figure><\/div><div class=\"swiper-slide\" role=\"group\" aria-roledescription=\"slide\" aria-label=\"3 de 7\"><figure class=\"swiper-slide-inner\"><img decoding=\"async\" class=\"swiper-slide-image\" src=\"https:\/\/galileujau.com.br\/online\/wp-content\/uploads\/2025\/02\/ballet003-630x420.png\" alt=\"ballet003\" \/><\/figure><\/div><div class=\"swiper-slide\" role=\"group\" aria-roledescription=\"slide\" aria-label=\"4 de 7\"><figure class=\"swiper-slide-inner\"><img decoding=\"async\" class=\"swiper-slide-image\" src=\"https:\/\/galileujau.com.br\/online\/wp-content\/uploads\/2025\/02\/ballet004-630x420.png\" alt=\"ballet004\" \/><\/figure><\/div><div class=\"swiper-slide\" role=\"group\" aria-roledescription=\"slide\" aria-label=\"5 de 7\"><figure class=\"swiper-slide-inner\"><img decoding=\"async\" class=\"swiper-slide-image\" src=\"https:\/\/galileujau.com.br\/online\/wp-content\/uploads\/2025\/02\/ballet005-630x420.png\" alt=\"ballet005\" \/><\/figure><\/div><div class=\"swiper-slide\" role=\"group\" aria-roledescription=\"slide\" aria-label=\"6 de 7\"><figure class=\"swiper-slide-inner\"><img decoding=\"async\" class=\"swiper-slide-image\" src=\"https:\/\/galileujau.com.br\/online\/wp-content\/uploads\/2025\/02\/ballet006-630x420.png\" alt=\"ballet006\" \/><\/figure><\/div><div class=\"swiper-slide\" role=\"group\" aria-roledescription=\"slide\" aria-label=\"7 de 7\"><figure class=\"swiper-slide-inner\"><img decoding=\"async\" class=\"swiper-slide-image\" src=\"https:\/\/galileujau.com.br\/online\/wp-content\/uploads\/2025\/02\/ballet007-630x420.png\" alt=\"ballet007\" \/><\/figure><\/div>\t\t\t<\/div>\n\t\t\t\t\t\t\t\t\t\t\t\t<div class=\"elementor-swiper-button elementor-swiper-button-prev\" role=\"button\" tabindex=\"0\">\n\t\t\t\t\t\t<i aria-hidden=\"true\" class=\"eicon-chevron-left\"><\/i>\t\t\t\t\t<\/div>\n\t\t\t\t\t<div class=\"elementor-swiper-button elementor-swiper-button-next\" role=\"button\" tabindex=\"0\">\n\t\t\t\t\t\t<i aria-hidden=\"true\" class=\"eicon-chevron-right\"><\/i>\t\t\t\t\t<\/div>\n\t\t\t\t\n\t\t\t\t\t\t\t\t\t<\/div>\n\t\t\t\t\t\t<\/div>\n\t\t\t\t<\/div>\n\t\t\t\t\t<\/div>\n\t\t<\/div>\n\t\t\t\t\t<\/div>\n\t\t<\/section>\n\t\t\t\t<\/div>\n\t\t","protected":false},"excerpt":{"rendered":"<p>Que atire a primeira pedra aquela menina que nunca quis ser bailarina quando crian\u00e7a. O ballet, essa dan\u00e7a antiga, ao mesmo tempo delicada e forte,&nbsp;<a href=\"https:\/\/galileujau.com.br\/online\/um-pouco-de-historia-do-ballet\/\">&hellip;<\/a><\/p>\n","protected":false},"author":1,"featured_media":0,"parent":0,"menu_order":0,"comment_status":"closed","ping_status":"closed","template":"","meta":{"footnotes":""},"class_list":["post-729","page","type-page","status-publish","hentry","odd"],"_links":{"self":[{"href":"https:\/\/galileujau.com.br\/online\/wp-json\/wp\/v2\/pages\/729","targetHints":{"allow":["GET"]}}],"collection":[{"href":"https:\/\/galileujau.com.br\/online\/wp-json\/wp\/v2\/pages"}],"about":[{"href":"https:\/\/galileujau.com.br\/online\/wp-json\/wp\/v2\/types\/page"}],"author":[{"embeddable":true,"href":"https:\/\/galileujau.com.br\/online\/wp-json\/wp\/v2\/users\/1"}],"replies":[{"embeddable":true,"href":"https:\/\/galileujau.com.br\/online\/wp-json\/wp\/v2\/comments?post=729"}],"version-history":[{"count":33,"href":"https:\/\/galileujau.com.br\/online\/wp-json\/wp\/v2\/pages\/729\/revisions"}],"predecessor-version":[{"id":785,"href":"https:\/\/galileujau.com.br\/online\/wp-json\/wp\/v2\/pages\/729\/revisions\/785"}],"wp:attachment":[{"href":"https:\/\/galileujau.com.br\/online\/wp-json\/wp\/v2\/media?parent=729"}],"curies":[{"name":"wp","href":"https:\/\/api.w.org\/{rel}","templated":true}]}}